














{"id":2837,"date":"2018-03-23T10:58:45","date_gmt":"2018-03-23T09:58:45","guid":{"rendered":"https:\/\/www.dimaticasoftware.com\/?page_id=2837"},"modified":"2025-06-16T13:29:28","modified_gmt":"2025-06-16T12:29:28","slug":"politica-de-privacidad-y-proteccion-de-datos","status":"publish","type":"page","link":"https:\/\/www.dimaticasoftware.com\/en\/politica-de-privacidad-y-proteccion-de-datos\/","title":{"rendered":"Privacy and data protection policy"},"content":{"rendered":"<p>The present Privacy and Personal Data Protection Policy is an integral part of the Terms of Use of the website located at the URL <a href=\"https:\/\/www.dimaticasoftware.com\">www.dimaticasoftware.com<\/a><\/p>\n<p>The Client or Candidate (hereinafter the \u201cUser\u201d), by providing DISTRIBUCI\u00d3N E IMPORTACI\u00d3N DE MATERIALES INFORM\u00c1TICOS Y ELECTR\u00d3NICOS S.A (hereinafter Dim\u00e1tica Software) with their personal data through the website\u2019s electronic forms or contact section and, where applicable, by ticking the corresponding acceptance checkbox, expressly consents that Dim\u00e1tica Software may process such data under the terms of this Privacy and Data Protection Policy clause and for the purposes set forth herein.<\/p>\n<p>In compliance with the General Data Protection Regulation (EU) 2016\/679, of April 27, 2016, regarding the protection of natural persons with regard to the processing of personal data and the free movement of such data, as well as local data protection laws in each EU country* in which Dim\u00e1tica Software operates, we inform you that there is automated processing of personal data activities, solely to facilitate the management of this Website and the services offered through it.<\/p>\n<p>The provision of the personal data requested by Dim\u00e1tica Software is mandatory to allow the User to acquire certain services offered on the Website. If the User does not provide the requested personal data or does not accept this Privacy and Data Protection Policy, they will not be able to acquire the offered products. Likewise, the provision of data requested by Dim\u00e1tica Software is mandatory to evaluate applications for job positions offered on the Website. If the candidate does not provide the personal data or does not accept this Privacy and Data Protection Policy, their application cannot be evaluated.<\/p>\n<ol>\n<li>All personal data you provide to us will be processed in accordance with this privacy and data protection policy.<\/li>\n<li>Dim\u00e1tica Software is, for the purposes of the law, the Data Controller.<\/li>\n<li>The User waives Dim\u00e1tica Software from any liability for any damage or harm that may occur as a result of errors, defects, or omissions in the information that they have provided to Dim\u00e1tica Software.<\/li>\n<li>The User expressly accepts that Dim\u00e1tica Software may share personal data since, on occasion, we use other companies to provide certain services. These companies require access to Users\u2019 personal data. Dim\u00e1tica Software may provide the information submitted via the Web to related or subsidiary third parties or service providers, for the achievement of such services, for the purposes and with the security measures provided for in the GDPR.<\/li>\n<li>In order to facilitate navigation on the Website, Dim\u00e1tica Software will use cookies or other similar functionality files. For more information on Cookies, Users are advised to read <a href=\"https:\/\/dimaticasoftware.com\/politica-de-cookies\" target=\"_blank\" rel=\"noopener\">our cookie policy<\/a>.<\/li>\n<li>International data transfers. No international data transfers are anticipated. If required, due to job offers outside the European Union, explicit consent will be requested and transfers will be made, depending on the destination country, in accordance with Chapter V of the GDPR.<\/li>\n<li>Any user may exercise the rights of access, rectification, deletion, portability, and restriction or objection via postal mail addressed to Dim\u00e1tica Software, located at Calle Pradillo 46, Madrid, Spain, or by sending an email to <a href=\"mailto: privacidad@sermicro.com\">privacidad@sermicro.com<\/a>.<\/li>\n<\/ol>\n<p>Based on the above, we now briefly inform you of the general aspects of the protection of your personal data processed by Dim\u00e1tica Software:<\/p>\n<table style=\"margin-bottom: 1.25rem;\">\n<tbody>\n<tr>\n<td><\/td>\n<td><b>Basic Information<\/b><\/td>\n<td><b>Additional Information<\/b><\/td>\n<\/tr>\n<tr>\n<td><b>Data Controller<\/b><\/td>\n<td>DISTRIBUTION AND IMPORT OF COMPUTER AND ELECTRONIC MATERIALS S.A.<\/td>\n<td>Calle de Pradillo, 46, 28002 Madrid<br \/>\nNIF A78032315<br \/>\ntel. 917 44 86 00<\/td>\n<\/tr>\n<tr>\n<td><b>Data Protection Officer (DPO)<\/b><\/td>\n<td>Contact for data protection<\/td>\n<td>Santiago Garc\u00eda Bermejo<br \/>\n<a href=\"mailto: privacidad@sermicro.com\">privacidad@sermicro.com<\/a><br \/>\nTel. 917 44 86 00<\/td>\n<\/tr>\n<tr>\n<td rowspan=\"2\"><b>Main Purposes<\/b><\/td>\n<td>Handling inquiries<\/td>\n<td>To handle User inquiries made through the Contact or Forms sections.<\/td>\n<\/tr>\n<tr>\n<td>Application management<\/td>\n<td>Processing personal data from applications submitted via the website.<\/td>\n<\/tr>\n<tr>\n<td><b>Legal basis and retention<\/b><\/td>\n<td>Legal basis for processing<\/td>\n<td>The basis for data processing is the consent given by the User by ticking the corresponding checkbox.<\/p>\n<p>If the necessary data is not provided for these purposes, we will be unable to provide our services. The data will be retained as long as the relationship exists and deletion is not requested, and in any case in accordance with applicable legal limitation periods.<\/p>\n<p>Curriculum-related data will be kept for a maximum period of two years.<\/td>\n<\/tr>\n<tr>\n<td rowspan=\"2\"><b>Additional Purposes<\/b><\/td>\n<td>Sending information<\/td>\n<td>The User\u2019s email contact may be used to send announcements and other commercial communications about our products and\/or services, provided that you have expressly authorized it by ticking the corresponding checkbox.<\/td>\n<\/tr>\n<tr>\n<td>Statistical and other purposes<\/td>\n<td>User information may be used, anonymized, for statistical purposes to analyze user behavior and trends and to improve the services we provide.<\/td>\n<\/tr>\n<tr>\n<td><b>Legal basis and retention<\/b><\/td>\n<td>Legal basis for processing<\/td>\n<td>The use of your email under the terms indicated above will be based on your consent if you tick the corresponding box. The data will be retained as long as the relationship exists and deletion is not requested, and in any case in accordance with applicable legal limitation periods.<\/p>\n<p>Curriculum vitae (CV) data will be kept for a maximum period of two years.<\/td>\n<\/tr>\n<tr>\n<td><b>Recipients of transfers<\/b><\/td>\n<td>Possible recipients of data<\/td>\n<td>Data may be transferred to other group companies or service providers, to resolve your inquiry or process job applications. You can consult the list of group companies at: http:\/\/www.imesapi.com\/quienes-somos\/nuestras-empresas<\/td>\n<\/tr>\n<tr>\n<td rowspan=\"3\"><b>Rights of data subjects<\/b><\/td>\n<td rowspan=\"3\">Exercise of rights<\/td>\n<td>Data subjects may exercise their rights of access, rectification, deletion, portability, restriction, and objection by writing to Dim\u00e1tica Software, indicating \u201cexercise of data protection rights,\u201d or via the following email: <a href=\"mailto: privacidad@sermicro.com\">privacidad@sermicro.com<\/a><\/td>\n<\/tr>\n<tr>\n<td>Data subjects have the right to withdraw consent at any time.<\/td>\n<\/tr>\n<tr>\n<td>Data subjects have the right to lodge a complaint with a supervisory authority (Spanish Data Protection Agency \u2013 www.agpd.es).<\/td>\n<\/tr>\n<\/tbody>\n<\/table>\n<p><em>\u00a9 Dim\u00e1tica Software 2025.<\/em><\/p>","protected":false},"excerpt":{"rendered":"<p>The present Privacy and Personal Data Protection Policy is an integral part of the Terms of Use of the website located at the URL www.dimaticasoftware.com The Client or Candidate (hereinafter the \u201cUser\u201d), by providing DISTRIBUCI\u00d3N E IMPORTACI\u00d3N DE MATERIALES INFORM\u00c1TICOS Y ELECTR\u00d3NICOS S.A (hereinafter Dim\u00e1tica Software) with their personal data through the website\u2019s electronic forms [&hellip;]<\/p>\n","protected":false},"author":1,"featured_media":0,"parent":0,"menu_order":0,"comment_status":"closed","ping_status":"closed","template":"page-legal.php","meta":{"footnotes":""},"class_list":["post-2837","page","type-page","status-publish","hentry"],"publishpress_future_action":{"enabled":false,"date":"2026-04-24 06:40:53","action":"change-status","newStatus":"draft","terms":[],"taxonomy":"","extraData":[]},"publishpress_future_workflow_manual_trigger":{"enabledWorkflows":[]},"_links":{"self":[{"href":"https:\/\/www.dimaticasoftware.com\/en\/wp-json\/wp\/v2\/pages\/2837","targetHints":{"allow":["GET"]}}],"collection":[{"href":"https:\/\/www.dimaticasoftware.com\/en\/wp-json\/wp\/v2\/pages"}],"about":[{"href":"https:\/\/www.dimaticasoftware.com\/en\/wp-json\/wp\/v2\/types\/page"}],"author":[{"embeddable":true,"href":"https:\/\/www.dimaticasoftware.com\/en\/wp-json\/wp\/v2\/users\/1"}],"replies":[{"embeddable":true,"href":"https:\/\/www.dimaticasoftware.com\/en\/wp-json\/wp\/v2\/comments?post=2837"}],"version-history":[{"count":0,"href":"https:\/\/www.dimaticasoftware.com\/en\/wp-json\/wp\/v2\/pages\/2837\/revisions"}],"wp:attachment":[{"href":"https:\/\/www.dimaticasoftware.com\/en\/wp-json\/wp\/v2\/media?parent=2837"}],"curies":[{"name":"wp","href":"https:\/\/api.w.org\/{rel}","templated":true}]}}